{"id":649,"date":"2025-07-24T15:10:42","date_gmt":"2025-07-24T13:10:42","guid":{"rendered":"https:\/\/barbaradits.be\/?page_id=649"},"modified":"2025-07-24T15:10:42","modified_gmt":"2025-07-24T13:10:42","slug":"mise-en-boite","status":"publish","type":"page","link":"https:\/\/barbaradits.be\/index.php\/mise-en-boite\/","title":{"rendered":"Mise en bo\u00eete"},"content":{"rendered":"\n<p>\u00ab&nbsp;Les int\u00e9rieurs des discoth\u00e8ques, l\u00e0 o\u00f9 la f\u00eate bat son plein, sont r\u00e9fl\u00e9chis, invitent au d\u00e9paysement et donc \u00e0 sortir du quotidien de la semaine. Dans certains \u00e9tablissements, on a m\u00eame l\u2019impression d\u2019\u00eatre dans un parc d\u2019attraction.<\/p>\n\n\n\n<p>Mais qu\u2019en est-il des ext\u00e9rieurs&nbsp;? Quels b\u00e2timents sont choisis pour y installer ces temples de la c\u00e9l\u00e9bration contemporaine&nbsp;?<\/p>\n\n\n\n<p>Quand on roule sur les chauss\u00e9es qui m\u00e8nent \u00e0 Tournai, venant principalement de France et de Flandres, on rencontre de vieilles usines d\u00e9saffect\u00e9es qui se veulent les plus brutes possible, des fois discr\u00e8tes qui livrent un effet d\u2019abandon. Des b\u00e2timents blinquants, fra\u00eechement repeints, qui donnent l\u2019impression d\u2019avoir ferm\u00e9s leur porte quelques minutes avant de passer devant. On croise aussi de vieilles bo\u00eetes de nuit, pour vieux comme on dit, sur le d\u00e9clin. M\u00eame des maisons d\u2019habitation ont \u00e9t\u00e9 reconverties&nbsp;!<\/p>\n\n\n\n<p>Dans presque tous les cas, elles sont barricad\u00e9es derri\u00e8re des grillages voir des barbel\u00e9s. Des cam\u00e9ras sont install\u00e9es pour la s\u00e9curit\u00e9 des f\u00eatards. Ces espaces deviennent cloisonn\u00e9s, surveill\u00e9s, \u00e9tiquet\u00e9s voir carc\u00e9raux, parce qu\u2019il est dangereux de nos jours de faire la f\u00eate\u2026&nbsp;\u00bb<\/p>\n\n\n\n<p>Cette s\u00e9rie fait partie de la collection de la Province du Hainaut<\/p>\n\n\n\n<figure class=\"wp-block-gallery has-nested-images columns-default is-cropped wp-block-gallery-1 is-layout-flex wp-block-gallery-is-layout-flex\">\n<figure class=\"wp-block-image size-large\"><img loading=\"lazy\" decoding=\"async\" width=\"1024\" height=\"1024\" data-id=\"660\" src=\"https:\/\/barbaradits.be\/wp-content\/uploads\/2025\/07\/Mise-en-boite-1-1024x1024.jpg\" alt=\"\" class=\"wp-image-660\" srcset=\"https:\/\/barbaradits.be\/wp-content\/uploads\/2025\/07\/Mise-en-boite-1-1024x1024.jpg 1024w, https:\/\/barbaradits.be\/wp-content\/uploads\/2025\/07\/Mise-en-boite-1-300x300.jpg 300w, https:\/\/barbaradits.be\/wp-content\/uploads\/2025\/07\/Mise-en-boite-1-150x150.jpg 150w, https:\/\/barbaradits.be\/wp-content\/uploads\/2025\/07\/Mise-en-boite-1-768x768.jpg 768w, https:\/\/barbaradits.be\/wp-content\/uploads\/2025\/07\/Mise-en-boite-1.jpg 1181w\" sizes=\"auto, (max-width: 1024px) 100vw, 1024px\" \/><\/figure>\n\n\n\n<figure class=\"wp-block-image size-large\"><img loading=\"lazy\" decoding=\"async\" width=\"1024\" height=\"1024\" data-id=\"653\" src=\"https:\/\/barbaradits.be\/wp-content\/uploads\/2025\/07\/Mise-en-boite-2-1024x1024.jpg\" alt=\"\" class=\"wp-image-653\" srcset=\"https:\/\/barbaradits.be\/wp-content\/uploads\/2025\/07\/Mise-en-boite-2-1024x1024.jpg 1024w, https:\/\/barbaradits.be\/wp-content\/uploads\/2025\/07\/Mise-en-boite-2-300x300.jpg 300w, https:\/\/barbaradits.be\/wp-content\/uploads\/2025\/07\/Mise-en-boite-2-150x150.jpg 150w, https:\/\/barbaradits.be\/wp-content\/uploads\/2025\/07\/Mise-en-boite-2-768x768.jpg 768w, https:\/\/barbaradits.be\/wp-content\/uploads\/2025\/07\/Mise-en-boite-2.jpg 1181w\" sizes=\"auto, (max-width: 1024px) 100vw, 1024px\" \/><\/figure>\n\n\n\n<figure class=\"wp-block-image size-large\"><img loading=\"lazy\" decoding=\"async\" width=\"1024\" height=\"1024\" data-id=\"656\" src=\"https:\/\/barbaradits.be\/wp-content\/uploads\/2025\/07\/Mise-en-boite-3-1024x1024.jpg\" alt=\"\" class=\"wp-image-656\" srcset=\"https:\/\/barbaradits.be\/wp-content\/uploads\/2025\/07\/Mise-en-boite-3-1024x1024.jpg 1024w, https:\/\/barbaradits.be\/wp-content\/uploads\/2025\/07\/Mise-en-boite-3-300x300.jpg 300w, https:\/\/barbaradits.be\/wp-content\/uploads\/2025\/07\/Mise-en-boite-3-150x150.jpg 150w, https:\/\/barbaradits.be\/wp-content\/uploads\/2025\/07\/Mise-en-boite-3-768x768.jpg 768w, https:\/\/barbaradits.be\/wp-content\/uploads\/2025\/07\/Mise-en-boite-3.jpg 1181w\" sizes=\"auto, (max-width: 1024px) 100vw, 1024px\" \/><\/figure>\n\n\n\n<figure class=\"wp-block-image size-large\"><img loading=\"lazy\" decoding=\"async\" width=\"1024\" height=\"1024\" data-id=\"658\" src=\"https:\/\/barbaradits.be\/wp-content\/uploads\/2025\/07\/Mise-en-boite-4-1024x1024.jpg\" alt=\"\" class=\"wp-image-658\" srcset=\"https:\/\/barbaradits.be\/wp-content\/uploads\/2025\/07\/Mise-en-boite-4-1024x1024.jpg 1024w, https:\/\/barbaradits.be\/wp-content\/uploads\/2025\/07\/Mise-en-boite-4-300x300.jpg 300w, https:\/\/barbaradits.be\/wp-content\/uploads\/2025\/07\/Mise-en-boite-4-150x150.jpg 150w, https:\/\/barbaradits.be\/wp-content\/uploads\/2025\/07\/Mise-en-boite-4-768x768.jpg 768w, https:\/\/barbaradits.be\/wp-content\/uploads\/2025\/07\/Mise-en-boite-4.jpg 1181w\" sizes=\"auto, (max-width: 1024px) 100vw, 1024px\" \/><\/figure>\n\n\n\n<figure class=\"wp-block-image size-large\"><img loading=\"lazy\" decoding=\"async\" width=\"1024\" height=\"1024\" data-id=\"654\" src=\"https:\/\/barbaradits.be\/wp-content\/uploads\/2025\/07\/Mise-en-boite-5-1024x1024.jpg\" alt=\"\" class=\"wp-image-654\" srcset=\"https:\/\/barbaradits.be\/wp-content\/uploads\/2025\/07\/Mise-en-boite-5-1024x1024.jpg 1024w, https:\/\/barbaradits.be\/wp-content\/uploads\/2025\/07\/Mise-en-boite-5-300x300.jpg 300w, https:\/\/barbaradits.be\/wp-content\/uploads\/2025\/07\/Mise-en-boite-5-150x150.jpg 150w, https:\/\/barbaradits.be\/wp-content\/uploads\/2025\/07\/Mise-en-boite-5-768x768.jpg 768w, https:\/\/barbaradits.be\/wp-content\/uploads\/2025\/07\/Mise-en-boite-5.jpg 1181w\" sizes=\"auto, (max-width: 1024px) 100vw, 1024px\" \/><\/figure>\n\n\n\n<figure class=\"wp-block-image size-large\"><img loading=\"lazy\" decoding=\"async\" width=\"1024\" height=\"1024\" data-id=\"661\" src=\"https:\/\/barbaradits.be\/wp-content\/uploads\/2025\/07\/Mise-en-boite-6-1024x1024.jpg\" alt=\"\" class=\"wp-image-661\" srcset=\"https:\/\/barbaradits.be\/wp-content\/uploads\/2025\/07\/Mise-en-boite-6-1024x1024.jpg 1024w, https:\/\/barbaradits.be\/wp-content\/uploads\/2025\/07\/Mise-en-boite-6-300x300.jpg 300w, https:\/\/barbaradits.be\/wp-content\/uploads\/2025\/07\/Mise-en-boite-6-150x150.jpg 150w, https:\/\/barbaradits.be\/wp-content\/uploads\/2025\/07\/Mise-en-boite-6-768x768.jpg 768w, https:\/\/barbaradits.be\/wp-content\/uploads\/2025\/07\/Mise-en-boite-6.jpg 1181w\" sizes=\"auto, (max-width: 1024px) 100vw, 1024px\" \/><\/figure>\n\n\n\n<figure class=\"wp-block-image size-large\"><img loading=\"lazy\" decoding=\"async\" width=\"1024\" height=\"1024\" data-id=\"659\" src=\"https:\/\/barbaradits.be\/wp-content\/uploads\/2025\/07\/Mise-en-boite-7-1024x1024.jpg\" alt=\"\" class=\"wp-image-659\" srcset=\"https:\/\/barbaradits.be\/wp-content\/uploads\/2025\/07\/Mise-en-boite-7-1024x1024.jpg 1024w, https:\/\/barbaradits.be\/wp-content\/uploads\/2025\/07\/Mise-en-boite-7-300x300.jpg 300w, https:\/\/barbaradits.be\/wp-content\/uploads\/2025\/07\/Mise-en-boite-7-150x150.jpg 150w, https:\/\/barbaradits.be\/wp-content\/uploads\/2025\/07\/Mise-en-boite-7-768x768.jpg 768w, https:\/\/barbaradits.be\/wp-content\/uploads\/2025\/07\/Mise-en-boite-7.jpg 1181w\" sizes=\"auto, (max-width: 1024px) 100vw, 1024px\" \/><\/figure>\n\n\n\n<figure class=\"wp-block-image size-large\"><img loading=\"lazy\" decoding=\"async\" width=\"1024\" height=\"1024\" data-id=\"657\" src=\"https:\/\/barbaradits.be\/wp-content\/uploads\/2025\/07\/Mise-en-boite-8-1024x1024.jpg\" alt=\"\" class=\"wp-image-657\" srcset=\"https:\/\/barbaradits.be\/wp-content\/uploads\/2025\/07\/Mise-en-boite-8-1024x1024.jpg 1024w, https:\/\/barbaradits.be\/wp-content\/uploads\/2025\/07\/Mise-en-boite-8-300x300.jpg 300w, https:\/\/barbaradits.be\/wp-content\/uploads\/2025\/07\/Mise-en-boite-8-150x150.jpg 150w, https:\/\/barbaradits.be\/wp-content\/uploads\/2025\/07\/Mise-en-boite-8-768x768.jpg 768w, https:\/\/barbaradits.be\/wp-content\/uploads\/2025\/07\/Mise-en-boite-8.jpg 1181w\" sizes=\"auto, (max-width: 1024px) 100vw, 1024px\" \/><\/figure>\n\n\n\n<figure class=\"wp-block-image size-large\"><img loading=\"lazy\" decoding=\"async\" width=\"1024\" height=\"1024\" data-id=\"655\" src=\"https:\/\/barbaradits.be\/wp-content\/uploads\/2025\/07\/Mise-en-boite-9-1024x1024.jpg\" alt=\"\" class=\"wp-image-655\" srcset=\"https:\/\/barbaradits.be\/wp-content\/uploads\/2025\/07\/Mise-en-boite-9-1024x1024.jpg 1024w, https:\/\/barbaradits.be\/wp-content\/uploads\/2025\/07\/Mise-en-boite-9-300x300.jpg 300w, https:\/\/barbaradits.be\/wp-content\/uploads\/2025\/07\/Mise-en-boite-9-150x150.jpg 150w, https:\/\/barbaradits.be\/wp-content\/uploads\/2025\/07\/Mise-en-boite-9-768x768.jpg 768w, https:\/\/barbaradits.be\/wp-content\/uploads\/2025\/07\/Mise-en-boite-9.jpg 1181w\" sizes=\"auto, (max-width: 1024px) 100vw, 1024px\" \/><\/figure>\n<\/figure>\n","protected":false},"excerpt":{"rendered":"<p>\u00ab&nbsp;Les int\u00e9rieurs des discoth\u00e8ques, l\u00e0 o\u00f9 la f\u00eate bat son plein, sont r\u00e9fl\u00e9chis, [&hellip;]<\/p>\n","protected":false},"author":1,"featured_media":0,"parent":0,"menu_order":0,"comment_status":"closed","ping_status":"closed","template":"","meta":{"footnotes":""},"class_list":["post-649","page","type-page","status-publish","hentry"],"_links":{"self":[{"href":"https:\/\/barbaradits.be\/index.php\/wp-json\/wp\/v2\/pages\/649","targetHints":{"allow":["GET"]}}],"collection":[{"href":"https:\/\/barbaradits.be\/index.php\/wp-json\/wp\/v2\/pages"}],"about":[{"href":"https:\/\/barbaradits.be\/index.php\/wp-json\/wp\/v2\/types\/page"}],"author":[{"embeddable":true,"href":"https:\/\/barbaradits.be\/index.php\/wp-json\/wp\/v2\/users\/1"}],"replies":[{"embeddable":true,"href":"https:\/\/barbaradits.be\/index.php\/wp-json\/wp\/v2\/comments?post=649"}],"version-history":[{"count":2,"href":"https:\/\/barbaradits.be\/index.php\/wp-json\/wp\/v2\/pages\/649\/revisions"}],"predecessor-version":[{"id":662,"href":"https:\/\/barbaradits.be\/index.php\/wp-json\/wp\/v2\/pages\/649\/revisions\/662"}],"wp:attachment":[{"href":"https:\/\/barbaradits.be\/index.php\/wp-json\/wp\/v2\/media?parent=649"}],"curies":[{"name":"wp","href":"https:\/\/api.w.org\/{rel}","templated":true}]}}