{"id":277,"date":"2025-07-24T11:50:49","date_gmt":"2025-07-24T09:50:49","guid":{"rendered":"https:\/\/barbaradits.be\/?page_id=277"},"modified":"2025-07-24T16:04:47","modified_gmt":"2025-07-24T14:04:47","slug":"made-for-china","status":"publish","type":"page","link":"https:\/\/barbaradits.be\/index.php\/made-for-china\/","title":{"rendered":"Made for China"},"content":{"rendered":"\n<p><em>\u00ab&nbsp;La Chine, ce pays-continent-empire commercial, ne peut se r\u00e9sumer en quelques lignes, encore moins en quelques images. N\u00e9anmoins, un ph\u00e9nom\u00e8ne me semblait tellement primordial dans l\u2019\u00e9volution de ce pays qu\u2019il pourrait expliquer \u00e0 lui seul le basculement de cadre de vie, de pens\u00e9e de toute une g\u00e9n\u00e9ration de chinois&nbsp;: l\u2019exode rural. Comme dans bien d\u2019autres pays, c\u2019est l\u2019extr\u00eame pauvret\u00e9 rencontr\u00e9e dans les provinces rurales qui a pouss\u00e9 des millions de paysans \u00e0 rejoindre les m\u00e9galopoles telles que P\u00e9kin, Shanga\u00ef, etc.<\/em><\/p>\n\n\n\n<p><em>Cet exode, de par sa rapidit\u00e9 et son ampleur, a boulevers\u00e9 le paysage urbain chinois. C\u2019est ce bouleversement qui m\u2019est apparu en filigrane dans ces deux s\u00e9ries d\u2019images.<\/em><\/p>\n\n\n\n<p><em>A P\u00e9kin, l\u2019espace priv\u00e9 prend peu \u00e0 peu le dessus sur l\u2019espace public&nbsp;; la mentalit\u00e9 capitaliste gagne elle aussi du terrain. En r\u00e9alit\u00e9, l\u2019espace public ne semble plus \u00eatre qu\u2019un assemblage d\u2019individualit\u00e9s&nbsp;; il devient le support, le substrat dans lequel doit se d\u00e9velopper l\u2019id\u00e9ologie dominante via une propagande omnipr\u00e9sente.<\/em><\/p>\n\n\n\n<p><em>On assiste actuellement en Chine \u00e0 l\u2019apog\u00e9e d\u2019une lutte sans merci entre \u2018tradition\u2019 et \u2018modernit\u00e9\u2019, dans laquelle cette derni\u00e8re a ind\u00e9niablement pris le dessus. Cette lutte qui se d\u00e9roule \u00e0 tous les niveaux de la soci\u00e9t\u00e9 (culturel, social, urbanistique, \u2026) n\u2019est qu\u2019une des cons\u00e9quences directes de la mondialisation. Le plus grand des pays communistes au monde s\u2019est int\u00e9gr\u00e9 -avec succ\u00e8s- dans le syst\u00e8me \u00e9conomique mondial. Mais \u00e0 quel prix&nbsp;?&nbsp;\u00bb<\/em><\/p>\n\n\n\n<figure class=\"wp-block-gallery has-nested-images columns-default is-cropped wp-block-gallery-1 is-layout-flex wp-block-gallery-is-layout-flex\">\n<figure data-wp-context=\"{&quot;imageId&quot;:&quot;69eb74f1ebd3e&quot;}\" data-wp-interactive=\"core\/image\" data-wp-key=\"69eb74f1ebd3e\" class=\"wp-block-image size-large wp-lightbox-container\"><img loading=\"lazy\" decoding=\"async\" width=\"1024\" height=\"1024\" data-wp-class--hide=\"state.isContentHidden\" data-wp-class--show=\"state.isContentVisible\" data-wp-init=\"callbacks.setButtonStyles\" data-wp-on--click=\"actions.showLightbox\" data-wp-on--load=\"callbacks.setButtonStyles\" data-wp-on-window--resize=\"callbacks.setButtonStyles\" data-id=\"279\" src=\"https:\/\/barbaradits.be\/wp-content\/uploads\/2025\/07\/made-for-China-1-1024x1024.jpg\" alt=\"\" class=\"wp-image-279\" srcset=\"https:\/\/barbaradits.be\/wp-content\/uploads\/2025\/07\/made-for-China-1-1024x1024.jpg 1024w, https:\/\/barbaradits.be\/wp-content\/uploads\/2025\/07\/made-for-China-1-300x300.jpg 300w, https:\/\/barbaradits.be\/wp-content\/uploads\/2025\/07\/made-for-China-1-150x150.jpg 150w, https:\/\/barbaradits.be\/wp-content\/uploads\/2025\/07\/made-for-China-1-768x768.jpg 768w, https:\/\/barbaradits.be\/wp-content\/uploads\/2025\/07\/made-for-China-1.jpg 1181w\" sizes=\"auto, (max-width: 1024px) 100vw, 1024px\" \/><button\n\t\t\tclass=\"lightbox-trigger\"\n\t\t\ttype=\"button\"\n\t\t\taria-haspopup=\"dialog\"\n\t\t\taria-label=\"Agrandir\"\n\t\t\tdata-wp-init=\"callbacks.initTriggerButton\"\n\t\t\tdata-wp-on--click=\"actions.showLightbox\"\n\t\t\tdata-wp-style--right=\"state.imageButtonRight\"\n\t\t\tdata-wp-style--top=\"state.imageButtonTop\"\n\t\t>\n\t\t\t<svg xmlns=\"http:\/\/www.w3.org\/2000\/svg\" width=\"12\" height=\"12\" fill=\"none\" viewBox=\"0 0 12 12\">\n\t\t\t\t<path fill=\"#fff\" d=\"M2 0a2 2 0 0 0-2 2v2h1.5V2a.5.5 0 0 1 .5-.5h2V0H2Zm2 10.5H2a.5.5 0 0 1-.5-.5V8H0v2a2 2 0 0 0 2 2h2v-1.5ZM8 12v-1.5h2a.5.5 0 0 0 .5-.5V8H12v2a2 2 0 0 1-2 2H8Zm2-12a2 2 0 0 1 2 2v2h-1.5V2a.5.5 0 0 0-.5-.5H8V0h2Z\" \/>\n\t\t\t<\/svg>\n\t\t<\/button><\/figure>\n\n\n\n<figure data-wp-context=\"{&quot;imageId&quot;:&quot;69eb74f1ec1a3&quot;}\" data-wp-interactive=\"core\/image\" data-wp-key=\"69eb74f1ec1a3\" class=\"wp-block-image size-large wp-lightbox-container\"><img loading=\"lazy\" decoding=\"async\" width=\"1024\" height=\"1024\" data-wp-class--hide=\"state.isContentHidden\" data-wp-class--show=\"state.isContentVisible\" data-wp-init=\"callbacks.setButtonStyles\" data-wp-on--click=\"actions.showLightbox\" data-wp-on--load=\"callbacks.setButtonStyles\" data-wp-on-window--resize=\"callbacks.setButtonStyles\" data-id=\"281\" src=\"https:\/\/barbaradits.be\/wp-content\/uploads\/2025\/07\/made-for-China-2-1024x1024.jpg\" alt=\"\" class=\"wp-image-281\" srcset=\"https:\/\/barbaradits.be\/wp-content\/uploads\/2025\/07\/made-for-China-2-1024x1024.jpg 1024w, https:\/\/barbaradits.be\/wp-content\/uploads\/2025\/07\/made-for-China-2-300x300.jpg 300w, https:\/\/barbaradits.be\/wp-content\/uploads\/2025\/07\/made-for-China-2-150x150.jpg 150w, https:\/\/barbaradits.be\/wp-content\/uploads\/2025\/07\/made-for-China-2-768x768.jpg 768w, https:\/\/barbaradits.be\/wp-content\/uploads\/2025\/07\/made-for-China-2.jpg 1181w\" sizes=\"auto, (max-width: 1024px) 100vw, 1024px\" \/><button\n\t\t\tclass=\"lightbox-trigger\"\n\t\t\ttype=\"button\"\n\t\t\taria-haspopup=\"dialog\"\n\t\t\taria-label=\"Agrandir\"\n\t\t\tdata-wp-init=\"callbacks.initTriggerButton\"\n\t\t\tdata-wp-on--click=\"actions.showLightbox\"\n\t\t\tdata-wp-style--right=\"state.imageButtonRight\"\n\t\t\tdata-wp-style--top=\"state.imageButtonTop\"\n\t\t>\n\t\t\t<svg xmlns=\"http:\/\/www.w3.org\/2000\/svg\" width=\"12\" height=\"12\" fill=\"none\" viewBox=\"0 0 12 12\">\n\t\t\t\t<path fill=\"#fff\" d=\"M2 0a2 2 0 0 0-2 2v2h1.5V2a.5.5 0 0 1 .5-.5h2V0H2Zm2 10.5H2a.5.5 0 0 1-.5-.5V8H0v2a2 2 0 0 0 2 2h2v-1.5ZM8 12v-1.5h2a.5.5 0 0 0 .5-.5V8H12v2a2 2 0 0 1-2 2H8Zm2-12a2 2 0 0 1 2 2v2h-1.5V2a.5.5 0 0 0-.5-.5H8V0h2Z\" \/>\n\t\t\t<\/svg>\n\t\t<\/button><\/figure>\n\n\n\n<figure data-wp-context=\"{&quot;imageId&quot;:&quot;69eb74f1ec53d&quot;}\" data-wp-interactive=\"core\/image\" data-wp-key=\"69eb74f1ec53d\" class=\"wp-block-image size-large wp-lightbox-container\"><img loading=\"lazy\" decoding=\"async\" width=\"1024\" height=\"1024\" data-wp-class--hide=\"state.isContentHidden\" data-wp-class--show=\"state.isContentVisible\" data-wp-init=\"callbacks.setButtonStyles\" data-wp-on--click=\"actions.showLightbox\" data-wp-on--load=\"callbacks.setButtonStyles\" data-wp-on-window--resize=\"callbacks.setButtonStyles\" data-id=\"286\" src=\"https:\/\/barbaradits.be\/wp-content\/uploads\/2025\/07\/made-for-china-3-1024x1024.jpg\" alt=\"\" class=\"wp-image-286\" srcset=\"https:\/\/barbaradits.be\/wp-content\/uploads\/2025\/07\/made-for-china-3-1024x1024.jpg 1024w, https:\/\/barbaradits.be\/wp-content\/uploads\/2025\/07\/made-for-china-3-300x300.jpg 300w, https:\/\/barbaradits.be\/wp-content\/uploads\/2025\/07\/made-for-china-3-150x150.jpg 150w, https:\/\/barbaradits.be\/wp-content\/uploads\/2025\/07\/made-for-china-3-768x768.jpg 768w, https:\/\/barbaradits.be\/wp-content\/uploads\/2025\/07\/made-for-china-3.jpg 1181w\" sizes=\"auto, (max-width: 1024px) 100vw, 1024px\" \/><button\n\t\t\tclass=\"lightbox-trigger\"\n\t\t\ttype=\"button\"\n\t\t\taria-haspopup=\"dialog\"\n\t\t\taria-label=\"Agrandir\"\n\t\t\tdata-wp-init=\"callbacks.initTriggerButton\"\n\t\t\tdata-wp-on--click=\"actions.showLightbox\"\n\t\t\tdata-wp-style--right=\"state.imageButtonRight\"\n\t\t\tdata-wp-style--top=\"state.imageButtonTop\"\n\t\t>\n\t\t\t<svg xmlns=\"http:\/\/www.w3.org\/2000\/svg\" width=\"12\" height=\"12\" fill=\"none\" viewBox=\"0 0 12 12\">\n\t\t\t\t<path fill=\"#fff\" d=\"M2 0a2 2 0 0 0-2 2v2h1.5V2a.5.5 0 0 1 .5-.5h2V0H2Zm2 10.5H2a.5.5 0 0 1-.5-.5V8H0v2a2 2 0 0 0 2 2h2v-1.5ZM8 12v-1.5h2a.5.5 0 0 0 .5-.5V8H12v2a2 2 0 0 1-2 2H8Zm2-12a2 2 0 0 1 2 2v2h-1.5V2a.5.5 0 0 0-.5-.5H8V0h2Z\" \/>\n\t\t\t<\/svg>\n\t\t<\/button><\/figure>\n\n\n\n<figure data-wp-context=\"{&quot;imageId&quot;:&quot;69eb74f1ec8cf&quot;}\" data-wp-interactive=\"core\/image\" data-wp-key=\"69eb74f1ec8cf\" class=\"wp-block-image size-large wp-lightbox-container\"><img loading=\"lazy\" decoding=\"async\" width=\"1024\" height=\"1024\" data-wp-class--hide=\"state.isContentHidden\" data-wp-class--show=\"state.isContentVisible\" data-wp-init=\"callbacks.setButtonStyles\" data-wp-on--click=\"actions.showLightbox\" data-wp-on--load=\"callbacks.setButtonStyles\" data-wp-on-window--resize=\"callbacks.setButtonStyles\" data-id=\"284\" src=\"https:\/\/barbaradits.be\/wp-content\/uploads\/2025\/07\/made-for-china-4-1024x1024.jpg\" alt=\"\" class=\"wp-image-284\" srcset=\"https:\/\/barbaradits.be\/wp-content\/uploads\/2025\/07\/made-for-china-4-1024x1024.jpg 1024w, https:\/\/barbaradits.be\/wp-content\/uploads\/2025\/07\/made-for-china-4-300x300.jpg 300w, https:\/\/barbaradits.be\/wp-content\/uploads\/2025\/07\/made-for-china-4-150x150.jpg 150w, https:\/\/barbaradits.be\/wp-content\/uploads\/2025\/07\/made-for-china-4-768x768.jpg 768w, https:\/\/barbaradits.be\/wp-content\/uploads\/2025\/07\/made-for-china-4.jpg 1181w\" sizes=\"auto, (max-width: 1024px) 100vw, 1024px\" \/><button\n\t\t\tclass=\"lightbox-trigger\"\n\t\t\ttype=\"button\"\n\t\t\taria-haspopup=\"dialog\"\n\t\t\taria-label=\"Agrandir\"\n\t\t\tdata-wp-init=\"callbacks.initTriggerButton\"\n\t\t\tdata-wp-on--click=\"actions.showLightbox\"\n\t\t\tdata-wp-style--right=\"state.imageButtonRight\"\n\t\t\tdata-wp-style--top=\"state.imageButtonTop\"\n\t\t>\n\t\t\t<svg xmlns=\"http:\/\/www.w3.org\/2000\/svg\" width=\"12\" height=\"12\" fill=\"none\" viewBox=\"0 0 12 12\">\n\t\t\t\t<path fill=\"#fff\" d=\"M2 0a2 2 0 0 0-2 2v2h1.5V2a.5.5 0 0 1 .5-.5h2V0H2Zm2 10.5H2a.5.5 0 0 1-.5-.5V8H0v2a2 2 0 0 0 2 2h2v-1.5ZM8 12v-1.5h2a.5.5 0 0 0 .5-.5V8H12v2a2 2 0 0 1-2 2H8Zm2-12a2 2 0 0 1 2 2v2h-1.5V2a.5.5 0 0 0-.5-.5H8V0h2Z\" \/>\n\t\t\t<\/svg>\n\t\t<\/button><\/figure>\n\n\n\n<figure data-wp-context=\"{&quot;imageId&quot;:&quot;69eb74f1ecc4e&quot;}\" data-wp-interactive=\"core\/image\" data-wp-key=\"69eb74f1ecc4e\" class=\"wp-block-image size-large wp-lightbox-container\"><img loading=\"lazy\" decoding=\"async\" width=\"1024\" height=\"1024\" data-wp-class--hide=\"state.isContentHidden\" data-wp-class--show=\"state.isContentVisible\" data-wp-init=\"callbacks.setButtonStyles\" data-wp-on--click=\"actions.showLightbox\" data-wp-on--load=\"callbacks.setButtonStyles\" data-wp-on-window--resize=\"callbacks.setButtonStyles\" data-id=\"280\" src=\"https:\/\/barbaradits.be\/wp-content\/uploads\/2025\/07\/made-for-china-5-1024x1024.jpg\" alt=\"\" class=\"wp-image-280\" srcset=\"https:\/\/barbaradits.be\/wp-content\/uploads\/2025\/07\/made-for-china-5-1024x1024.jpg 1024w, https:\/\/barbaradits.be\/wp-content\/uploads\/2025\/07\/made-for-china-5-300x300.jpg 300w, https:\/\/barbaradits.be\/wp-content\/uploads\/2025\/07\/made-for-china-5-150x150.jpg 150w, https:\/\/barbaradits.be\/wp-content\/uploads\/2025\/07\/made-for-china-5-768x768.jpg 768w, https:\/\/barbaradits.be\/wp-content\/uploads\/2025\/07\/made-for-china-5.jpg 1181w\" sizes=\"auto, (max-width: 1024px) 100vw, 1024px\" \/><button\n\t\t\tclass=\"lightbox-trigger\"\n\t\t\ttype=\"button\"\n\t\t\taria-haspopup=\"dialog\"\n\t\t\taria-label=\"Agrandir\"\n\t\t\tdata-wp-init=\"callbacks.initTriggerButton\"\n\t\t\tdata-wp-on--click=\"actions.showLightbox\"\n\t\t\tdata-wp-style--right=\"state.imageButtonRight\"\n\t\t\tdata-wp-style--top=\"state.imageButtonTop\"\n\t\t>\n\t\t\t<svg xmlns=\"http:\/\/www.w3.org\/2000\/svg\" width=\"12\" height=\"12\" fill=\"none\" viewBox=\"0 0 12 12\">\n\t\t\t\t<path fill=\"#fff\" d=\"M2 0a2 2 0 0 0-2 2v2h1.5V2a.5.5 0 0 1 .5-.5h2V0H2Zm2 10.5H2a.5.5 0 0 1-.5-.5V8H0v2a2 2 0 0 0 2 2h2v-1.5ZM8 12v-1.5h2a.5.5 0 0 0 .5-.5V8H12v2a2 2 0 0 1-2 2H8Zm2-12a2 2 0 0 1 2 2v2h-1.5V2a.5.5 0 0 0-.5-.5H8V0h2Z\" \/>\n\t\t\t<\/svg>\n\t\t<\/button><\/figure>\n\n\n\n<figure data-wp-context=\"{&quot;imageId&quot;:&quot;69eb74f1ecfe4&quot;}\" data-wp-interactive=\"core\/image\" data-wp-key=\"69eb74f1ecfe4\" class=\"wp-block-image size-large wp-lightbox-container\"><img loading=\"lazy\" decoding=\"async\" width=\"1024\" height=\"1024\" data-wp-class--hide=\"state.isContentHidden\" data-wp-class--show=\"state.isContentVisible\" data-wp-init=\"callbacks.setButtonStyles\" data-wp-on--click=\"actions.showLightbox\" data-wp-on--load=\"callbacks.setButtonStyles\" data-wp-on-window--resize=\"callbacks.setButtonStyles\" data-id=\"283\" src=\"https:\/\/barbaradits.be\/wp-content\/uploads\/2025\/07\/made-for-china-6-1024x1024.jpg\" alt=\"\" class=\"wp-image-283\" srcset=\"https:\/\/barbaradits.be\/wp-content\/uploads\/2025\/07\/made-for-china-6-1024x1024.jpg 1024w, https:\/\/barbaradits.be\/wp-content\/uploads\/2025\/07\/made-for-china-6-300x300.jpg 300w, https:\/\/barbaradits.be\/wp-content\/uploads\/2025\/07\/made-for-china-6-150x150.jpg 150w, https:\/\/barbaradits.be\/wp-content\/uploads\/2025\/07\/made-for-china-6-768x768.jpg 768w, https:\/\/barbaradits.be\/wp-content\/uploads\/2025\/07\/made-for-china-6.jpg 1181w\" sizes=\"auto, (max-width: 1024px) 100vw, 1024px\" \/><button\n\t\t\tclass=\"lightbox-trigger\"\n\t\t\ttype=\"button\"\n\t\t\taria-haspopup=\"dialog\"\n\t\t\taria-label=\"Agrandir\"\n\t\t\tdata-wp-init=\"callbacks.initTriggerButton\"\n\t\t\tdata-wp-on--click=\"actions.showLightbox\"\n\t\t\tdata-wp-style--right=\"state.imageButtonRight\"\n\t\t\tdata-wp-style--top=\"state.imageButtonTop\"\n\t\t>\n\t\t\t<svg xmlns=\"http:\/\/www.w3.org\/2000\/svg\" width=\"12\" height=\"12\" fill=\"none\" viewBox=\"0 0 12 12\">\n\t\t\t\t<path fill=\"#fff\" d=\"M2 0a2 2 0 0 0-2 2v2h1.5V2a.5.5 0 0 1 .5-.5h2V0H2Zm2 10.5H2a.5.5 0 0 1-.5-.5V8H0v2a2 2 0 0 0 2 2h2v-1.5ZM8 12v-1.5h2a.5.5 0 0 0 .5-.5V8H12v2a2 2 0 0 1-2 2H8Zm2-12a2 2 0 0 1 2 2v2h-1.5V2a.5.5 0 0 0-.5-.5H8V0h2Z\" \/>\n\t\t\t<\/svg>\n\t\t<\/button><\/figure>\n\n\n\n<figure data-wp-context=\"{&quot;imageId&quot;:&quot;69eb74f1ed377&quot;}\" data-wp-interactive=\"core\/image\" data-wp-key=\"69eb74f1ed377\" class=\"wp-block-image size-large wp-lightbox-container\"><img loading=\"lazy\" decoding=\"async\" width=\"1024\" height=\"1024\" data-wp-class--hide=\"state.isContentHidden\" data-wp-class--show=\"state.isContentVisible\" data-wp-init=\"callbacks.setButtonStyles\" data-wp-on--click=\"actions.showLightbox\" data-wp-on--load=\"callbacks.setButtonStyles\" data-wp-on-window--resize=\"callbacks.setButtonStyles\" data-id=\"282\" src=\"https:\/\/barbaradits.be\/wp-content\/uploads\/2025\/07\/made-for-china-7-1024x1024.jpg\" alt=\"\" class=\"wp-image-282\" srcset=\"https:\/\/barbaradits.be\/wp-content\/uploads\/2025\/07\/made-for-china-7-1024x1024.jpg 1024w, https:\/\/barbaradits.be\/wp-content\/uploads\/2025\/07\/made-for-china-7-300x300.jpg 300w, https:\/\/barbaradits.be\/wp-content\/uploads\/2025\/07\/made-for-china-7-150x150.jpg 150w, https:\/\/barbaradits.be\/wp-content\/uploads\/2025\/07\/made-for-china-7-768x768.jpg 768w, https:\/\/barbaradits.be\/wp-content\/uploads\/2025\/07\/made-for-china-7.jpg 1181w\" sizes=\"auto, (max-width: 1024px) 100vw, 1024px\" \/><button\n\t\t\tclass=\"lightbox-trigger\"\n\t\t\ttype=\"button\"\n\t\t\taria-haspopup=\"dialog\"\n\t\t\taria-label=\"Agrandir\"\n\t\t\tdata-wp-init=\"callbacks.initTriggerButton\"\n\t\t\tdata-wp-on--click=\"actions.showLightbox\"\n\t\t\tdata-wp-style--right=\"state.imageButtonRight\"\n\t\t\tdata-wp-style--top=\"state.imageButtonTop\"\n\t\t>\n\t\t\t<svg xmlns=\"http:\/\/www.w3.org\/2000\/svg\" width=\"12\" height=\"12\" fill=\"none\" viewBox=\"0 0 12 12\">\n\t\t\t\t<path fill=\"#fff\" d=\"M2 0a2 2 0 0 0-2 2v2h1.5V2a.5.5 0 0 1 .5-.5h2V0H2Zm2 10.5H2a.5.5 0 0 1-.5-.5V8H0v2a2 2 0 0 0 2 2h2v-1.5ZM8 12v-1.5h2a.5.5 0 0 0 .5-.5V8H12v2a2 2 0 0 1-2 2H8Zm2-12a2 2 0 0 1 2 2v2h-1.5V2a.5.5 0 0 0-.5-.5H8V0h2Z\" \/>\n\t\t\t<\/svg>\n\t\t<\/button><\/figure>\n\n\n\n<figure data-wp-context=\"{&quot;imageId&quot;:&quot;69eb74f1ed6fd&quot;}\" data-wp-interactive=\"core\/image\" data-wp-key=\"69eb74f1ed6fd\" class=\"wp-block-image size-large wp-lightbox-container\"><img loading=\"lazy\" decoding=\"async\" width=\"1024\" height=\"1024\" data-wp-class--hide=\"state.isContentHidden\" data-wp-class--show=\"state.isContentVisible\" data-wp-init=\"callbacks.setButtonStyles\" data-wp-on--click=\"actions.showLightbox\" data-wp-on--load=\"callbacks.setButtonStyles\" data-wp-on-window--resize=\"callbacks.setButtonStyles\" data-id=\"287\" src=\"https:\/\/barbaradits.be\/wp-content\/uploads\/2025\/07\/made-for-china-8-1024x1024.jpg\" alt=\"\" class=\"wp-image-287\" srcset=\"https:\/\/barbaradits.be\/wp-content\/uploads\/2025\/07\/made-for-china-8-1024x1024.jpg 1024w, https:\/\/barbaradits.be\/wp-content\/uploads\/2025\/07\/made-for-china-8-300x300.jpg 300w, https:\/\/barbaradits.be\/wp-content\/uploads\/2025\/07\/made-for-china-8-150x150.jpg 150w, https:\/\/barbaradits.be\/wp-content\/uploads\/2025\/07\/made-for-china-8-768x768.jpg 768w, https:\/\/barbaradits.be\/wp-content\/uploads\/2025\/07\/made-for-china-8.jpg 1181w\" sizes=\"auto, (max-width: 1024px) 100vw, 1024px\" \/><button\n\t\t\tclass=\"lightbox-trigger\"\n\t\t\ttype=\"button\"\n\t\t\taria-haspopup=\"dialog\"\n\t\t\taria-label=\"Agrandir\"\n\t\t\tdata-wp-init=\"callbacks.initTriggerButton\"\n\t\t\tdata-wp-on--click=\"actions.showLightbox\"\n\t\t\tdata-wp-style--right=\"state.imageButtonRight\"\n\t\t\tdata-wp-style--top=\"state.imageButtonTop\"\n\t\t>\n\t\t\t<svg xmlns=\"http:\/\/www.w3.org\/2000\/svg\" width=\"12\" height=\"12\" fill=\"none\" viewBox=\"0 0 12 12\">\n\t\t\t\t<path fill=\"#fff\" d=\"M2 0a2 2 0 0 0-2 2v2h1.5V2a.5.5 0 0 1 .5-.5h2V0H2Zm2 10.5H2a.5.5 0 0 1-.5-.5V8H0v2a2 2 0 0 0 2 2h2v-1.5ZM8 12v-1.5h2a.5.5 0 0 0 .5-.5V8H12v2a2 2 0 0 1-2 2H8Zm2-12a2 2 0 0 1 2 2v2h-1.5V2a.5.5 0 0 0-.5-.5H8V0h2Z\" \/>\n\t\t\t<\/svg>\n\t\t<\/button><\/figure>\n\n\n\n<figure data-wp-context=\"{&quot;imageId&quot;:&quot;69eb74f1eda85&quot;}\" data-wp-interactive=\"core\/image\" data-wp-key=\"69eb74f1eda85\" class=\"wp-block-image size-large wp-lightbox-container\"><img loading=\"lazy\" decoding=\"async\" width=\"1024\" height=\"1024\" data-wp-class--hide=\"state.isContentHidden\" data-wp-class--show=\"state.isContentVisible\" data-wp-init=\"callbacks.setButtonStyles\" data-wp-on--click=\"actions.showLightbox\" data-wp-on--load=\"callbacks.setButtonStyles\" data-wp-on-window--resize=\"callbacks.setButtonStyles\" data-id=\"278\" src=\"https:\/\/barbaradits.be\/wp-content\/uploads\/2025\/07\/made-for-china-9-1024x1024.jpg\" alt=\"\" class=\"wp-image-278\" srcset=\"https:\/\/barbaradits.be\/wp-content\/uploads\/2025\/07\/made-for-china-9-1024x1024.jpg 1024w, https:\/\/barbaradits.be\/wp-content\/uploads\/2025\/07\/made-for-china-9-300x300.jpg 300w, https:\/\/barbaradits.be\/wp-content\/uploads\/2025\/07\/made-for-china-9-150x150.jpg 150w, https:\/\/barbaradits.be\/wp-content\/uploads\/2025\/07\/made-for-china-9-768x768.jpg 768w, https:\/\/barbaradits.be\/wp-content\/uploads\/2025\/07\/made-for-china-9.jpg 1181w\" sizes=\"auto, (max-width: 1024px) 100vw, 1024px\" \/><button\n\t\t\tclass=\"lightbox-trigger\"\n\t\t\ttype=\"button\"\n\t\t\taria-haspopup=\"dialog\"\n\t\t\taria-label=\"Agrandir\"\n\t\t\tdata-wp-init=\"callbacks.initTriggerButton\"\n\t\t\tdata-wp-on--click=\"actions.showLightbox\"\n\t\t\tdata-wp-style--right=\"state.imageButtonRight\"\n\t\t\tdata-wp-style--top=\"state.imageButtonTop\"\n\t\t>\n\t\t\t<svg xmlns=\"http:\/\/www.w3.org\/2000\/svg\" width=\"12\" height=\"12\" fill=\"none\" viewBox=\"0 0 12 12\">\n\t\t\t\t<path fill=\"#fff\" d=\"M2 0a2 2 0 0 0-2 2v2h1.5V2a.5.5 0 0 1 .5-.5h2V0H2Zm2 10.5H2a.5.5 0 0 1-.5-.5V8H0v2a2 2 0 0 0 2 2h2v-1.5ZM8 12v-1.5h2a.5.5 0 0 0 .5-.5V8H12v2a2 2 0 0 1-2 2H8Zm2-12a2 2 0 0 1 2 2v2h-1.5V2a.5.5 0 0 0-.5-.5H8V0h2Z\" \/>\n\t\t\t<\/svg>\n\t\t<\/button><\/figure>\n\n\n\n<figure data-wp-context=\"{&quot;imageId&quot;:&quot;69eb74f1ede08&quot;}\" data-wp-interactive=\"core\/image\" data-wp-key=\"69eb74f1ede08\" class=\"wp-block-image size-large wp-lightbox-container\"><img loading=\"lazy\" decoding=\"async\" width=\"1024\" height=\"1024\" data-wp-class--hide=\"state.isContentHidden\" data-wp-class--show=\"state.isContentVisible\" data-wp-init=\"callbacks.setButtonStyles\" data-wp-on--click=\"actions.showLightbox\" data-wp-on--load=\"callbacks.setButtonStyles\" data-wp-on-window--resize=\"callbacks.setButtonStyles\" data-id=\"285\" src=\"https:\/\/barbaradits.be\/wp-content\/uploads\/2025\/07\/made-for-china-10-1024x1024.jpg\" alt=\"\" class=\"wp-image-285\" srcset=\"https:\/\/barbaradits.be\/wp-content\/uploads\/2025\/07\/made-for-china-10-1024x1024.jpg 1024w, https:\/\/barbaradits.be\/wp-content\/uploads\/2025\/07\/made-for-china-10-300x300.jpg 300w, https:\/\/barbaradits.be\/wp-content\/uploads\/2025\/07\/made-for-china-10-150x150.jpg 150w, https:\/\/barbaradits.be\/wp-content\/uploads\/2025\/07\/made-for-china-10-768x768.jpg 768w, https:\/\/barbaradits.be\/wp-content\/uploads\/2025\/07\/made-for-china-10.jpg 1181w\" sizes=\"auto, (max-width: 1024px) 100vw, 1024px\" \/><button\n\t\t\tclass=\"lightbox-trigger\"\n\t\t\ttype=\"button\"\n\t\t\taria-haspopup=\"dialog\"\n\t\t\taria-label=\"Agrandir\"\n\t\t\tdata-wp-init=\"callbacks.initTriggerButton\"\n\t\t\tdata-wp-on--click=\"actions.showLightbox\"\n\t\t\tdata-wp-style--right=\"state.imageButtonRight\"\n\t\t\tdata-wp-style--top=\"state.imageButtonTop\"\n\t\t>\n\t\t\t<svg xmlns=\"http:\/\/www.w3.org\/2000\/svg\" width=\"12\" height=\"12\" fill=\"none\" viewBox=\"0 0 12 12\">\n\t\t\t\t<path fill=\"#fff\" d=\"M2 0a2 2 0 0 0-2 2v2h1.5V2a.5.5 0 0 1 .5-.5h2V0H2Zm2 10.5H2a.5.5 0 0 1-.5-.5V8H0v2a2 2 0 0 0 2 2h2v-1.5ZM8 12v-1.5h2a.5.5 0 0 0 .5-.5V8H12v2a2 2 0 0 1-2 2H8Zm2-12a2 2 0 0 1 2 2v2h-1.5V2a.5.5 0 0 0-.5-.5H8V0h2Z\" \/>\n\t\t\t<\/svg>\n\t\t<\/button><\/figure>\n<\/figure>\n","protected":false},"excerpt":{"rendered":"<p>\u00ab&nbsp;La Chine, ce pays-continent-empire commercial, ne peut se r\u00e9sumer en quelques lignes, encore [&hellip;]<\/p>\n","protected":false},"author":1,"featured_media":0,"parent":0,"menu_order":0,"comment_status":"closed","ping_status":"closed","template":"","meta":{"footnotes":""},"class_list":["post-277","page","type-page","status-publish","hentry"],"_links":{"self":[{"href":"https:\/\/barbaradits.be\/index.php\/wp-json\/wp\/v2\/pages\/277","targetHints":{"allow":["GET"]}}],"collection":[{"href":"https:\/\/barbaradits.be\/index.php\/wp-json\/wp\/v2\/pages"}],"about":[{"href":"https:\/\/barbaradits.be\/index.php\/wp-json\/wp\/v2\/types\/page"}],"author":[{"embeddable":true,"href":"https:\/\/barbaradits.be\/index.php\/wp-json\/wp\/v2\/users\/1"}],"replies":[{"embeddable":true,"href":"https:\/\/barbaradits.be\/index.php\/wp-json\/wp\/v2\/comments?post=277"}],"version-history":[{"count":3,"href":"https:\/\/barbaradits.be\/index.php\/wp-json\/wp\/v2\/pages\/277\/revisions"}],"predecessor-version":[{"id":761,"href":"https:\/\/barbaradits.be\/index.php\/wp-json\/wp\/v2\/pages\/277\/revisions\/761"}],"wp:attachment":[{"href":"https:\/\/barbaradits.be\/index.php\/wp-json\/wp\/v2\/media?parent=277"}],"curies":[{"name":"wp","href":"https:\/\/api.w.org\/{rel}","templated":true}]}}