{"id":149,"date":"2025-07-24T09:19:31","date_gmt":"2025-07-24T07:19:31","guid":{"rendered":"https:\/\/barbaradits.be\/?page_id=149"},"modified":"2025-07-24T10:41:34","modified_gmt":"2025-07-24T08:41:34","slug":"biographie","status":"publish","type":"page","link":"https:\/\/barbaradits.be\/index.php\/biographie\/","title":{"rendered":"Biographie"},"content":{"rendered":"\n<h2 class=\"wp-block-heading\"><strong>Expositions individuelles<\/strong><\/h2>\n\n\n\n<p><strong>2019<\/strong> : \u00ab&nbsp;Guide d\u2019architecture moderne et contemporaine&nbsp;\u00bb, 5\/10 au 27\/10\/2019, Facult\u00e9 d\u2019architecture, UCL-Loci, Tournai.<br>\u00ab&nbsp;Humans border&nbsp;\u00bb &amp; \u00ab&nbsp;Iconography&nbsp;\u00bb, invit\u00e9e dans le cadre du Prix Berteloit, 25\/05 au 2\/06\/19, Foyer socioculturel, Antoing.<\/p>\n\n\n\n<p><strong>2017<\/strong> : \u00ab\u00a0Guide d\u2019architecture moderne et contemporaine&nbsp;\u00bb, 9\/11 au 10\/12\/17, Centre Culturel Marius Staquet, Mouscron.<\/p>\n\n\n\n<p><strong>2015<\/strong> : \u00ab\u00a0Panser la for\u00eat\u00a0\u00bb, 29\/09 au 1\/10, Four \u00e0 chaux St-Andr\u00e9, Chercq.<br>\u00ab\u00a0Pump up\u00a0\u00bb, 20\/08 au 21\/12\/2015, L\u2019Escaudoir, Tournai. Cette expo s\u2019inscrivait dans le parcours \u00ab&nbsp;Art dans la ville&nbsp;\u00bb, 3\/10 au 25\/10\/2015.<\/p>\n\n\n\n<p><strong>2013<\/strong> : \u00ab\u00a0Pump up\u00a0\u00bb, \u201cParcours -40\u201d, 23-24\/11 et 30\/11-1\/12\/13, Maison de la La\u00efcit\u00e9, Mons.<br>\u00ab\u00a0Made in\/for China\u00a0\u00bb, 23\/02\/13 au 23\/03\/13, Centre Culturel d\u2019Enghien.<\/p>\n\n\n\n<p><strong>2011<\/strong> : \u00ab\u00a0Made for China\u00a0\u00bb, \u201cParcours -40\u201d, 21-22\/05 &amp;28-29\/05\/11, Espace Wallonie, Mons.<\/p>\n\n\n\n<p><strong>2010<\/strong> : \u00ab\u00a030 000 ombres sans corps\u00a0\u00bb, 29\/11\/10 au 15\/12\/10, Centre Culturel de Watermal-Boisfort.<\/p>\n\n\n\n<p><strong>2009<\/strong> : \u00ab\u00a030 000 ombres sans corps\u00a0\u00bb, FNAC de Gand, 2\/06\/09 au 30\/06\/09, avec la collaboration de Photo Gallery asbl.<\/p>\n\n\n\n<p>\u00ab\u00a0Humanisme!? &nbsp;#2\u00a0\u00bb, FNAC de Leuven, 2\/06\/09 au 30\/06\/09, avec la collaboration de Photo Gallery asbl.<\/p>\n\n\n\n<p>\u00ab\u00a030 000 ombres sans corps\u00a0\u00bb, exposition et sortie du livre, cor\u00e9alis\u00e9 avec Laurent Bouchain 12\/05\/09, biblioth\u00e8que de Celles et 13\/05\/09, biblioth\u00e8que de P\u00e9ruwelz.<\/p>\n\n\n\n<p><strong>2008<\/strong> : \u00ab\u00a030 000 ombres sans corps\u00a0\u00bb, 1\/12\/08 au 20\/12\/08, Centre culturel, Leuze-en-Hainaut.<\/p>\n\n\n\n<p>\u00ab\u00a0Regards sur ma ville\u00a0\u00bb, 3\/11\/08 au 29\/11\/08, Centre culturel, Leuze-en-Hainaut, travail soutenu par le Centre Culturel de Leuze-en-Hainaut.<\/p>\n\n\n\n<p><strong>2007<\/strong> : \u00ab\u00a0Humanisme&nbsp;?! \u00ab\u00a0, 1\/09\/07 au 31\/10\/07, Cit\u00e9 Georges Point, Tournai.<\/p>\n\n\n\n<p>\u00ab\u00a0Game Over&nbsp;\u00ab\u00a0, 10\/08\/07 au 23\/08\/07, H\u00f4pital psychiatrique St-Jean-de-Dieu, Leuze-en-Hainaut.<\/p>\n\n\n\n<p><strong>2006<\/strong> : \u00ab\u00a0Game Over\u00a0\u00bb, 3\/11\/06 au 23\/11\/06, \u00ab&nbsp;Les Bains Douches&nbsp;\u00bb, Mons.<\/p>\n\n\n\n<p>\u00ab\u00a0<em>&nbsp;Le travail interg\u00e9n\u00e9rationnel au sein de l\u2019AMO Ancrage et la vie quotidienne du home<\/em>\u00ab\u00a0\u00a0\u00bb 21\/12\/05 au 31\/01\/06, Home Qui\u00e9tude, Cuesmes.<\/p>\n\n\n\n<figure class=\"wp-block-image size-large\"><img loading=\"lazy\" decoding=\"async\" width=\"738\" height=\"1024\" src=\"http:\/\/barbaradits.be\/wp-content\/uploads\/2025\/07\/5e726c3d14350153470385_FFU_C_nsorsh_p_A4-Poster_PRINT-738x1024.jpg\" alt=\"\" class=\"wp-image-157\" srcset=\"https:\/\/barbaradits.be\/wp-content\/uploads\/2025\/07\/5e726c3d14350153470385_FFU_C_nsorsh_p_A4-Poster_PRINT-738x1024.jpg 738w, https:\/\/barbaradits.be\/wp-content\/uploads\/2025\/07\/5e726c3d14350153470385_FFU_C_nsorsh_p_A4-Poster_PRINT-216x300.jpg 216w, https:\/\/barbaradits.be\/wp-content\/uploads\/2025\/07\/5e726c3d14350153470385_FFU_C_nsorsh_p_A4-Poster_PRINT-768x1065.jpg 768w, https:\/\/barbaradits.be\/wp-content\/uploads\/2025\/07\/5e726c3d14350153470385_FFU_C_nsorsh_p_A4-Poster_PRINT.jpg 865w\" sizes=\"auto, (max-width: 738px) 100vw, 738px\" \/><\/figure>\n\n\n\n<p><\/p>\n\n\n\n<h2 class=\"wp-block-heading\">Expositions collectives<\/h2>\n\n\n\n<p><strong>2025<\/strong> : \u00ab&nbsp;Pulsasions. Visages d&rsquo;une Cit\u00e9&nbsp;\u00bb 12\/04 au 17\/08\/25, CAP\/Mus\u00e9e des Beaux-Arts, Mons.<br><strong>2024<\/strong> : \u00ab&nbsp;Art dans la ville&nbsp;\u00bb, Expo \u00ab&nbsp;De temps en temps&nbsp;\u00bb, 28\/09 au 27\/10\/24, Ferme Allard, Guignies.<br><strong>2023<\/strong> : \u00ab&nbsp;Art dans la ville&nbsp;\u00bb, 29\/09 au 29\/10\/23, Ferme Allard, Guignies.<br><strong>2022<\/strong> : \u00ab&nbsp;Art dans la ville&nbsp;\u00bb, Expo \u00ab&nbsp;La permanence de l&rsquo;\u00e9ph\u00e9m\u00e8re&nbsp;\u00bb, 11\/10 au 30\/10\/22, Ferme Allard, Guignies.<br>\u00ab&nbsp;Art dans la ville&nbsp;\u00bb, Expo \u00ab&nbsp;Ailleurs&nbsp;\u00bb, du 2\/10 au 24\/10\/22 \u00e0 Guignies, Ferme Allard. <\/p>\n\n\n\n<p><strong>2021<\/strong> : \u00ab&nbsp;Chronique d&rsquo;un printemps&nbsp;\u00bb, avec Brownie, 13\/06 au 18\/07\/21, Centre Culturel d&rsquo;Amay. \u00ab&nbsp;Photographie et r\u00e9flexions sur un printemps confin\u00e9&nbsp;\u00bb, projection par Brownie, 19\/03 au 18\/04\/21, Galerie Verhaeren, Watermael-Boisfort.<\/p>\n\n\n\n<p><strong>2020<\/strong> : \u00ab&nbsp;Art dans la Ville&nbsp;\u00bb, \u00ab&nbsp;L&rsquo;architecture jette des ponts&nbsp;\u00bb, 3\/10 au 25\/10\/20, Tournai. \u00ab&nbsp;C*nsorsh*p\/LaCensure&nbsp;\u00bb, Galerie &amp;co119, 15\/05 au 31\/07\/20, partenariat avec Foto Femme United, Paris.<\/p>\n\n\n\n<p><strong>2019<\/strong> : \u00ab&nbsp;L\u2019architecture ne dort jamais&nbsp;\u00bb, inauguration de l\u2019Institut Culturel d\u2019Architecture, 27\/11 au 1\/12\/2019, Abattoirs de Bomel , Namur.&rsquo;<br>\u00ab&nbsp;Salon du Bon Vouloir&nbsp;\u00bb, 8\/09 au 20\/10\/2019, Anciens Abattoirs, Mons.                                              \u00ab&nbsp;Art\u2019s Thimougies&nbsp;\u00bb, 14\/06 au 16\/06\/2019, Eglise, Thimougies.<br>\u00ab&nbsp;Photo-Voice&nbsp;\u00bb, 20\/05 au 21\/06\/19, Office des Etrangers, Bruxelles.<\/p>\n\n\n\n<p><br><strong>2018<\/strong> : \u00ab&nbsp;Photo-Voice&nbsp;\u00bb, 15\/10 au 27\/11\/18, Palais de Justice, Bruxelles.<br>\u00ab\u00a0Murs ouverts VF#4\u00a0\u00bb, 29\/06\/18 au 28\/07\/18, Vitrine fra\u00eeche, Tournai.<br>\u00ab\u00a0Salon du Bon vouloir\u00a0\u00bb, du 17\/06\/18 au 12\/08\/18, Anciens Abattoirs, Mons.<br>\u00ab\u00a0Sur les murs de Saint-Denis\u00a0\u00bb, 12 au 13\/05\/18, Abbaye de St-Denis.<br>\u00ab\u00a0Dixit\u00a0\u00bb, 12\/01 au 28\/01\/18, Magasin de Papier, Mons.<\/p>\n\n\n\n<p><strong>2015<\/strong> : Exposition du Prix des Arts, 28 et 29\/11\/15, Woluwe-St-Pierre.<br><strong>2014<\/strong> : Salon du Bon Vouloir&nbsp;\u00bb, 13\/01 au 2\/03\/14, Anciens Abattoirs, Mons.<br>\u00ab\u00a0Parcours \u2013 40\u00a0\u00bb, hommage de la jeune cr\u00e9ation \u00e0 Andy Warhol, BAM, Mons.<br><strong>2012<\/strong> : \u00ab\u00a0In Situ\u00a0\u00bb, 12\/05\/12, Mons.<br><strong>2011 <\/strong>: \u00ab\u00a0Cit\u00e9, Mons-Bruges #3\u00a0\u00bb, 18\/12\/11 au 30\/01\/2012, De Bond, Bruges.<br>\u00ab\u00a0Un air de Wallonie\u00a0\u00bb, 7\/09 au 23\/12\/11, Hospice St-Gilles, Parlement wallon, Namur.<br>\u201cParcours -40\u201d, Intervention avec le collectif Recycling, ancienne \u00e9cole des Beaux-Arts,, Mons.<br>\u00ab&nbsp;The urban experiment&nbsp;\u00bb, 14\/05\/11, Mons.<br><strong>2010<\/strong> : \u00ab\u00a0Art Namur\u00a0\u00bb, 27 et 28\/11\/10, gare de Namur.<br>6(+1) senses for the photography, 12\/11\/10 au 10\/12\/10, Galerie \u00ab\u00a0Much about art\u00a0\u00bb, Schaerbeek.<br>\u00ab\u00a0Assoir l\u2019espoir\u00a0\u00bb, 5\/11\/10 au 7\/11\/10, Gare St-Sauveur, Lille.<br>\u00ab\u00a0Cit\u00e9, Mons\/Brugge #3\u00a0\u00bb, 8\/05\/10 au 4\/07\/10, Les Anciens Abattoirs, Mons<br><strong>2008<\/strong> : \u00ab\u00a0La Tour d&rsquo;horizon\u00a0\u00bb, 22\/11\/08 au 14\/12\/08, Centre culturel, Huy.                                                      Exposition des 9 premiers laur\u00e9ats du Prix Georges Berteloit, 24\/05\/08 au 1\/06\/08, Foyer socioculturel, Antoing.<br>\u00ab\u00a0Plus qu&rsquo;une tour dans un sac!\u00a0\u00bb, phase 6 : \u00ab\u00a0Une tour, \u00e0 Mons\u00a0\u00bb. 14\/03\/08 au 30\/03\/08, Galerie Koma, Mons. \u00ab\u00a0Dans les villes\u00a0\u00bb, 10\/02\/2008 au 2\/03\/2008, Centre culturel, Huy.<\/p>\n\n\n\n<p><strong>2007<\/strong> : \u00ab\u00a0Plus qu&rsquo;une tour dans un sac!\u00a0\u00bb, phase 2 : \u00ab\u00a0Le temps d&rsquo;une tour\u00a0\u00bb. 9\/11\/07 au 25\/11\/07, Galerie Koma, Mons.                                                                                                                                             \u00ab\u00a0Salon d\u2019ensemble\u00a0\u00bb, 5\/05\/07 au 20\/05\/2007, Centre Culturel \u00ab\u00a0Jean Degouys\u00a0\u00bb, Quevaucamps.              9\u00e8me concours photographique Georges Berteloit, 28\/04\/07 au 6\/05\/07, Foyer socioculturel, Antoing. \u00ab\u00a0Express Matchbox #1\u00a0\u00bb, bo\u00eetes d\u2019allumettes d\u2019artistes \u2013 Maison du Tourisme du Parc des Canaux et Ch\u00e2teaux, 6\/04\/07 au 6\/05\/07, La Louvi\u00e8re.                                                                                               \u00ab\u00a0Pays des Collines aujourd\u2019hui et demain\u00a0\u00bb, du 9\/02\/07 au 16\/03\/07, expo itin\u00e9rant dans le Pays des Collines.<\/p>\n\n\n\n<p><strong>2006<\/strong> : Prix du Hainaut Arts Plastiques, du 8\/12\/06 au 23\/12\/06, BPS22, Charleroi.                                     Prix du Hainaut Occidental, Prix artistique de la ville de Tournai, du 17\/05\/06 au 8\/07\/06, Maison de la Culture, Tournai.                                                                                                                                              \u2026 Priez pour nous \u2026&nbsp;\u00ab\u00a0, 50 images de d\u00e9votion pour une pi\u00e9t\u00e9 imaginaire ou r\u00e9elle, collectif d\u2019artistes. du 3\/12\/05 au 25\/12\/05, Galerie Ferlini, Mons.                                                                                      S\u00e9lectionn\u00e9e au prix artistique de la ville de Tournai, du 23\/04\/05 au 19\/05\/05, Maison de la Culture, Tournai.<\/p>\n\n\n\n<p><\/p>\n\n\n\n<figure class=\"wp-block-image size-large\"><img loading=\"lazy\" decoding=\"async\" width=\"717\" height=\"1024\" src=\"https:\/\/barbaradits.be\/wp-content\/uploads\/2025\/07\/mb1-717x1024.jpg\" alt=\"\" class=\"wp-image-167\" srcset=\"https:\/\/barbaradits.be\/wp-content\/uploads\/2025\/07\/mb1-717x1024.jpg 717w, https:\/\/barbaradits.be\/wp-content\/uploads\/2025\/07\/mb1-210x300.jpg 210w, https:\/\/barbaradits.be\/wp-content\/uploads\/2025\/07\/mb1-768x1097.jpg 768w, https:\/\/barbaradits.be\/wp-content\/uploads\/2025\/07\/mb1-1075x1536.jpg 1075w, https:\/\/barbaradits.be\/wp-content\/uploads\/2025\/07\/mb1-1434x2048.jpg 1434w, https:\/\/barbaradits.be\/wp-content\/uploads\/2025\/07\/mb1-scaled.jpg 1792w\" sizes=\"auto, (max-width: 717px) 100vw, 717px\" \/><\/figure>\n\n\n\n<h2 class=\"wp-block-heading\">Prix et distinctions<\/h2>\n\n\n\n<p><strong>2018<\/strong> : Certificat du m\u00e9rite artistique, Luxenbourg Art Prize 2018. <\/p>\n\n\n\n<p><strong>2015<\/strong> : S\u00e9lectionn\u00e9e au Prix des Arts de Woluwe-St-Pierre.<\/p>\n\n\n\n<p><strong>2012<\/strong> : Pr\u00e9s\u00e9lectionn\u00e9e au concours Canvas-RTBF la Collection.<\/p>\n\n\n\n<p><strong>2010<\/strong> : Pr\u00e9s\u00e9lectionn\u00e9e au concours Canvas-RTBF la Collection.<\/p>\n\n\n\n<p><strong>2008<\/strong> : 2\u00e8me prix, 10\u00e8me concours photographique Georges Berteloit. <\/p>\n\n\n\n<p><strong>2007<\/strong> : 1er prix, 9\u00e8me concours photographique Georges Berteloit. 1er prix, concours jeunes artistes, \u00ab\u00a0Pays des Collines aujourd\u2019hui et demain\u00a0\u00bb. <\/p>\n\n\n\n<p><strong>2006<\/strong> : Prix du Hainaut Arts Plastiques. Prix du Hainaut Occidental, Prix artistique de la ville de Tournai.<\/p>\n\n\n\n<figure class=\"wp-block-image size-full\"><img loading=\"lazy\" decoding=\"async\" width=\"774\" height=\"631\" src=\"https:\/\/barbaradits.be\/wp-content\/uploads\/2025\/07\/vif-lexpress.jpg\" alt=\"\" class=\"wp-image-169\" srcset=\"https:\/\/barbaradits.be\/wp-content\/uploads\/2025\/07\/vif-lexpress.jpg 774w, https:\/\/barbaradits.be\/wp-content\/uploads\/2025\/07\/vif-lexpress-300x245.jpg 300w, https:\/\/barbaradits.be\/wp-content\/uploads\/2025\/07\/vif-lexpress-768x626.jpg 768w\" sizes=\"auto, (max-width: 774px) 100vw, 774px\" \/><\/figure>\n\n\n\n<h2 class=\"wp-block-heading\">Publications<\/h2>\n\n\n\n<p><strong>2024<\/strong> : Le XX\u00e8me si\u00e8cle en Wallonie, De l&rsquo;architecture au patrimoine, Agence Wallonne du Patrimoine. <\/p>\n\n\n\n<p><strong>2020<\/strong> : \u00ab\u00a0The World Within\u00a0\u00bb, livre collectif, Hangar Photo Art Center. <\/p>\n\n\n\n<p><strong>2019<\/strong> : \u00ab\u00a0No woman\u2019s land\u00a0\u00bb, \u00e0 compte d\u2019auteure, 20 exemplaires. <\/p>\n\n\n\n<p><strong>2017<\/strong> : \u00ab\u00a0Guide d\u2019architecture moderne et contemporaine, Volume Wallonie Picarde\u00a0\u00bb, F\u00e9d\u00e9ration Wallonie-Bruxelles, Edition Mardaga. \u00ab\u00a0Panser la for\u00eat\u00a0\u00bb, selon une d\u00e9ambulation plastique de Caroline Drossart et Sarah Straub, texte de Laurent Bouchain. <\/p>\n\n\n\n<p><strong>2015<\/strong> : \u00ab\u00a0Bil Bo K\u00a0\u00bb, magazine des errances contemporaines, \u00ab\u00a0Autour de l\u2019Errance\u00a0\u00bb, Edition sp\u00e9ciale Mons 2015. <\/p>\n\n\n\n<p><strong>2009<\/strong> : \u00ab\u00a0Trente mille ombres sans corps\u00a0\u00bb, co-auteur\u00a0: Laurent Bouchain, Bordeline Edition.<\/p>\n","protected":false},"excerpt":{"rendered":"<p>Expositions individuelles 2019 : \u00ab&nbsp;Guide d\u2019architecture moderne et contemporaine&nbsp;\u00bb, 5\/10 au 27\/10\/2019, Facult\u00e9 [&hellip;]<\/p>\n","protected":false},"author":1,"featured_media":0,"parent":0,"menu_order":0,"comment_status":"closed","ping_status":"closed","template":"page-templates\/full-width-page.php","meta":{"footnotes":""},"class_list":["post-149","page","type-page","status-publish","hentry"],"_links":{"self":[{"href":"https:\/\/barbaradits.be\/index.php\/wp-json\/wp\/v2\/pages\/149","targetHints":{"allow":["GET"]}}],"collection":[{"href":"https:\/\/barbaradits.be\/index.php\/wp-json\/wp\/v2\/pages"}],"about":[{"href":"https:\/\/barbaradits.be\/index.php\/wp-json\/wp\/v2\/types\/page"}],"author":[{"embeddable":true,"href":"https:\/\/barbaradits.be\/index.php\/wp-json\/wp\/v2\/users\/1"}],"replies":[{"embeddable":true,"href":"https:\/\/barbaradits.be\/index.php\/wp-json\/wp\/v2\/comments?post=149"}],"version-history":[{"count":10,"href":"https:\/\/barbaradits.be\/index.php\/wp-json\/wp\/v2\/pages\/149\/revisions"}],"predecessor-version":[{"id":733,"href":"https:\/\/barbaradits.be\/index.php\/wp-json\/wp\/v2\/pages\/149\/revisions\/733"}],"wp:attachment":[{"href":"https:\/\/barbaradits.be\/index.php\/wp-json\/wp\/v2\/media?parent=149"}],"curies":[{"name":"wp","href":"https:\/\/api.w.org\/{rel}","templated":true}]}}